{"id":7207,"date":"2023-04-16T02:52:00","date_gmt":"2023-04-16T00:52:00","guid":{"rendered":"http:\/\/localhost\/wordpress\/?page_id=7207"},"modified":"2023-07-13T00:04:56","modified_gmt":"2023-07-12T22:04:56","slug":"cnds","status":"publish","type":"page","link":"https:\/\/dnii.gob.hn\/?page_id=7207","title":{"rendered":"Consejo Nacional de Defensa y Seguridad (CNDS)"},"content":{"rendered":"\t\t<div data-elementor-type=\"wp-page\" data-elementor-id=\"7207\" class=\"elementor elementor-7207\" data-elementor-post-type=\"page\">\n\t\t\t\t\t\t\t\t\t<section class=\"elementor-section elementor-top-section elementor-element elementor-element-0805773 elementor-section-boxed elementor-section-height-default elementor-section-height-default\" data-id=\"0805773\" data-element_type=\"section\">\n\t\t\t\t\t\t<div class=\"elementor-container elementor-column-gap-default\">\n\t\t\t\t\t<div class=\"elementor-column elementor-col-100 elementor-top-column elementor-element elementor-element-69283cf\" data-id=\"69283cf\" data-element_type=\"column\">\n\t\t\t<div class=\"elementor-widget-wrap elementor-element-populated\">\n\t\t\t\t\t\t\t\t<div class=\"elementor-element elementor-element-7ee26f2 elementor-widget elementor-widget-spacer\" data-id=\"7ee26f2\" data-element_type=\"widget\" data-widget_type=\"spacer.default\">\n\t\t\t\t<div class=\"elementor-widget-container\">\n\t\t\t<style>\/*! elementor - v3.14.0 - 26-06-2023 *\/\n.elementor-column .elementor-spacer-inner{height:var(--spacer-size)}.e-con{--container-widget-width:100%}.e-con-inner>.elementor-widget-spacer,.e-con>.elementor-widget-spacer{width:var(--container-widget-width,var(--spacer-size));--align-self:var(--container-widget-align-self,initial);--flex-shrink:0}.e-con-inner>.elementor-widget-spacer>.elementor-widget-container,.e-con-inner>.elementor-widget-spacer>.elementor-widget-container>.elementor-spacer,.e-con>.elementor-widget-spacer>.elementor-widget-container,.e-con>.elementor-widget-spacer>.elementor-widget-container>.elementor-spacer{height:100%}.e-con-inner>.elementor-widget-spacer>.elementor-widget-container>.elementor-spacer>.elementor-spacer-inner,.e-con>.elementor-widget-spacer>.elementor-widget-container>.elementor-spacer>.elementor-spacer-inner{height:var(--container-widget-height,var(--spacer-size))}<\/style>\t\t<div class=\"elementor-spacer\">\n\t\t\t<div class=\"elementor-spacer-inner\"><\/div>\n\t\t<\/div>\n\t\t\t\t<\/div>\n\t\t\t\t<\/div>\n\t\t\t\t<div class=\"elementor-element elementor-element-25a3e5b elementor-widget elementor-widget-image\" data-id=\"25a3e5b\" data-element_type=\"widget\" data-widget_type=\"image.default\">\n\t\t\t\t<div class=\"elementor-widget-container\">\n\t\t\t<style>\/*! elementor - v3.14.0 - 26-06-2023 *\/\n.elementor-widget-image{text-align:center}.elementor-widget-image a{display:inline-block}.elementor-widget-image a img[src$=\".svg\"]{width:48px}.elementor-widget-image img{vertical-align:middle;display:inline-block}<\/style>\t\t\t\t\t\t\t\t\t\t\t\t<img loading=\"lazy\" decoding=\"async\" width=\"800\" height=\"406\" src=\"https:\/\/dnii.gob.hn\/wp-content\/uploads\/2023\/04\/Consejo-de-Defensa-y-Seguridad-.jpg\" class=\"attachment-large size-large wp-image-7214\" alt=\"\" \/>\t\t\t\t\t\t\t\t\t\t\t\t\t\t\t<\/div>\n\t\t\t\t<\/div>\n\t\t\t\t<div class=\"elementor-element elementor-element-9d63511 elementor-widget elementor-widget-heading\" data-id=\"9d63511\" data-element_type=\"widget\" data-widget_type=\"heading.default\">\n\t\t\t\t<div class=\"elementor-widget-container\">\n\t\t\t<style>\/*! elementor - v3.14.0 - 26-06-2023 *\/\n.elementor-heading-title{padding:0;margin:0;line-height:1}.elementor-widget-heading .elementor-heading-title[class*=elementor-size-]>a{color:inherit;font-size:inherit;line-height:inherit}.elementor-widget-heading .elementor-heading-title.elementor-size-small{font-size:15px}.elementor-widget-heading .elementor-heading-title.elementor-size-medium{font-size:19px}.elementor-widget-heading .elementor-heading-title.elementor-size-large{font-size:29px}.elementor-widget-heading .elementor-heading-title.elementor-size-xl{font-size:39px}.elementor-widget-heading .elementor-heading-title.elementor-size-xxl{font-size:59px}<\/style><h3 class=\"elementor-heading-title elementor-size-default\">El Consejo es el m\u00e1ximo \u00f3rgano\npermanente, encargado de rectorar, dise\u00f1ar y supervisar\nlas pol\u00edticas generales en materia de Seguridad, Defensa\nNacional e Inteligencia.<\/h3>\t\t<\/div>\n\t\t\t\t<\/div>\n\t\t\t\t<div class=\"elementor-element elementor-element-b3992e1 elementor-widget elementor-widget-text-editor\" data-id=\"b3992e1\" data-element_type=\"widget\" data-widget_type=\"text-editor.default\">\n\t\t\t\t<div class=\"elementor-widget-container\">\n\t\t\t<style>\/*! elementor - v3.14.0 - 26-06-2023 *\/\n.elementor-widget-text-editor.elementor-drop-cap-view-stacked .elementor-drop-cap{background-color:#69727d;color:#fff}.elementor-widget-text-editor.elementor-drop-cap-view-framed .elementor-drop-cap{color:#69727d;border:3px solid;background-color:transparent}.elementor-widget-text-editor:not(.elementor-drop-cap-view-default) .elementor-drop-cap{margin-top:8px}.elementor-widget-text-editor:not(.elementor-drop-cap-view-default) .elementor-drop-cap-letter{width:1em;height:1em}.elementor-widget-text-editor .elementor-drop-cap{float:left;text-align:center;line-height:1;font-size:50px}.elementor-widget-text-editor .elementor-drop-cap-letter{display:inline-block}<\/style>\t\t\t\t<p>El Consejo Nacional de Defensa y Seguridad, creado al tenor del Art\u00edculo 287 de la Constituci\u00f3n de la Rep\u00fablica, estar\u00e1 integrado por:\u00a0<\/p>\t\t\t\t\t\t<\/div>\n\t\t\t\t<\/div>\n\t\t\t\t<section class=\"elementor-section elementor-inner-section elementor-element elementor-element-fbd145a elementor-section-boxed elementor-section-height-default elementor-section-height-default\" data-id=\"fbd145a\" data-element_type=\"section\">\n\t\t\t\t\t\t<div class=\"elementor-container elementor-column-gap-default\">\n\t\t\t\t\t<div class=\"elementor-column elementor-col-100 elementor-inner-column elementor-element elementor-element-8507e59\" data-id=\"8507e59\" data-element_type=\"column\">\n\t\t\t<div class=\"elementor-widget-wrap elementor-element-populated\">\n\t\t\t\t\t\t\t\t<div class=\"elementor-element elementor-element-62b0468 elementor-widget elementor-widget-ova_list_checked\" data-id=\"62b0468\" data-element_type=\"widget\" data-widget_type=\"ova_list_checked.default\">\n\t\t\t\t<div class=\"elementor-widget-container\">\n\t\t\t\t\t\n\t\t<div class=\"ova_list_checked\" >\n\t\t\t\t\t\t\t<ul>\n\t\t\t\t\t\t\t\t\t<li class=\"item\">\n\t\t\t\t\t\t<i data-feather=\"check-circle\"><\/i>\n\t\t\t\t\t\t<span>El Presidente de la Rep\u00fablica, quien lo presidir\u00e1;<\/span>\n\t\t\t\t\t<\/li>\n\t\t\t\t\t\t\t\t\t<li class=\"item\">\n\t\t\t\t\t\t<i data-feather=\"check-circle\"><\/i>\n\t\t\t\t\t\t<span>El Presidente del Congreso Nacional;<\/span>\n\t\t\t\t\t<\/li>\n\t\t\t\t\t\t\t\t\t<li class=\"item\">\n\t\t\t\t\t\t<i data-feather=\"check-circle\"><\/i>\n\t\t\t\t\t\t<span>El Presidente de la Corte Suprema de Justicia;<\/span>\n\t\t\t\t\t<\/li>\n\t\t\t\t\t\t\t\t\t<li class=\"item\">\n\t\t\t\t\t\t<i data-feather=\"check-circle\"><\/i>\n\t\t\t\t\t\t<span>El Fiscal General;<\/span>\n\t\t\t\t\t<\/li>\n\t\t\t\t\t\t\t\t\t<li class=\"item\">\n\t\t\t\t\t\t<i data-feather=\"check-circle\"><\/i>\n\t\t\t\t\t\t<span>El Secretario de Estado en el Despacho de Seguridad; y, <\/span>\n\t\t\t\t\t<\/li>\n\t\t\t\t\t\t\t\t\t<li class=\"item\">\n\t\t\t\t\t\t<i data-feather=\"check-circle\"><\/i>\n\t\t\t\t\t\t<span>El Secretario de Estado en el Despacho de Defensa Nacional. <\/span>\n\t\t\t\t\t<\/li>\n\t\t\t\t\t\t\t\t<\/ul>\n\t\t\t\n\t\t<\/div>\n\n\t\t\t\t<\/div>\n\t\t\t\t<\/div>\n\t\t\t\t\t<\/div>\n\t\t<\/div>\n\t\t\t\t\t\t\t<\/div>\n\t\t<\/section>\n\t\t\t\t<div class=\"elementor-element elementor-element-b6c2f2e elementor-widget elementor-widget-spacer\" data-id=\"b6c2f2e\" data-element_type=\"widget\" data-widget_type=\"spacer.default\">\n\t\t\t\t<div class=\"elementor-widget-container\">\n\t\t\t\t\t<div class=\"elementor-spacer\">\n\t\t\t<div class=\"elementor-spacer-inner\"><\/div>\n\t\t<\/div>\n\t\t\t\t<\/div>\n\t\t\t\t<\/div>\n\t\t\t\t<div class=\"elementor-element elementor-element-f672382 elementor-widget elementor-widget-heading\" data-id=\"f672382\" data-element_type=\"widget\" data-widget_type=\"heading.default\">\n\t\t\t\t<div class=\"elementor-widget-container\">\n\t\t\t<h3 class=\"elementor-heading-title elementor-size-default\">Asimismo, el CNDS, cuando lo requiera conveniente solicitara la opini\u00f3n de otras instituciones que tengan vinculaci\u00f3n en los \u00e1mbitos de seguridad y defensa.<\/h3>\t\t<\/div>\n\t\t\t\t<\/div>\n\t\t\t\t<div class=\"elementor-element elementor-element-b8d80d0 elementor-widget elementor-widget-heading\" data-id=\"b8d80d0\" data-element_type=\"widget\" data-widget_type=\"heading.default\">\n\t\t\t\t<div class=\"elementor-widget-container\">\n\t\t\t<h3 class=\"elementor-heading-title elementor-size-default\">El Consejo debe dise\u00f1ar las estrategias\nde prevenci\u00f3n, combate, investigaci\u00f3n y sanci\u00f3n de las conductas delictivas en cualquiera de sus modalidades,\ncoordinando para ello las acciones necesarias y pertinentes\nentre los distintos entes que tengan competencias\nrelacionadas en la materia. <\/h3>\t\t<\/div>\n\t\t\t\t<\/div>\n\t\t\t\t<div class=\"elementor-element elementor-element-369d533 elementor-widget elementor-widget-heading\" data-id=\"369d533\" data-element_type=\"widget\" data-widget_type=\"heading.default\">\n\t\t\t\t<div class=\"elementor-widget-container\">\n\t\t\t<h3 class=\"elementor-heading-title elementor-size-default\">Son atribuciones del Consejo Nacional\nde Defensa y Seguridad: <\/h3>\t\t<\/div>\n\t\t\t\t<\/div>\n\t\t\t\t<div class=\"elementor-element elementor-element-4e4c21f elementor-widget elementor-widget-ova_list_checked\" data-id=\"4e4c21f\" data-element_type=\"widget\" data-widget_type=\"ova_list_checked.default\">\n\t\t\t\t<div class=\"elementor-widget-container\">\n\t\t\t\t\t\n\t\t<div class=\"ova_list_checked\" >\n\t\t\t\t\t\t\t<ul>\n\t\t\t\t\t\t\t\t\t<li class=\"item\">\n\t\t\t\t\t\t<i data-feather=\"check-circle\"><\/i>\n\t\t\t\t\t\t<span>Dise\u00f1ar las pol\u00edticas p\u00fablicas en materia de Seguridad, Defensa e Inteligencia; <\/span>\n\t\t\t\t\t<\/li>\n\t\t\t\t\t\t\t\t\t<li class=\"item\">\n\t\t\t\t\t\t<i data-feather=\"check-circle\"><\/i>\n\t\t\t\t\t\t<span>Armonizar las acciones entre los distintos operadores en materia de Seguridad, Defensa e Inteligencia para el mejor desempe\u00f1o de sus funciones; <\/span>\n\t\t\t\t\t<\/li>\n\t\t\t\t\t\t\t\t\t<li class=\"item\">\n\t\t\t\t\t\t<i data-feather=\"check-circle\"><\/i>\n\t\t\t\t\t\t<span>Vigilar el funcionamiento y cumplimiento de las funciones y atribuciones de la Direcci\u00f3n Nacional de Investigaci\u00f3n e Inteligencia; <\/span>\n\t\t\t\t\t<\/li>\n\t\t\t\t\t\t\t\t\t<li class=\"item\">\n\t\t\t\t\t\t<i data-feather=\"check-circle\"><\/i>\n\t\t\t\t\t\t<span>Nombrar, suspender y sustituir al Director Nacional y  Director Nacional Adjunto de la Direcci\u00f3n Nacional de Investigaci\u00f3n e Inteligencia; y, <\/span>\n\t\t\t\t\t<\/li>\n\t\t\t\t\t\t\t\t\t<li class=\"item\">\n\t\t\t\t\t\t<i data-feather=\"check-circle\"><\/i>\n\t\t\t\t\t\t<span>Elaborar las acciones estrat\u00e9gicas que en materia de inteligencia que sirvan para dise\u00f1ar las pol\u00edticas en materia de Defensa y Seguridad. <\/span>\n\t\t\t\t\t<\/li>\n\t\t\t\t\t\t\t\t<\/ul>\n\t\t\t\n\t\t<\/div>\n\n\t\t\t\t<\/div>\n\t\t\t\t<\/div>\n\t\t\t\t<div class=\"elementor-element elementor-element-a043abb elementor-widget elementor-widget-spacer\" data-id=\"a043abb\" data-element_type=\"widget\" data-widget_type=\"spacer.default\">\n\t\t\t\t<div class=\"elementor-widget-container\">\n\t\t\t\t\t<div class=\"elementor-spacer\">\n\t\t\t<div class=\"elementor-spacer-inner\"><\/div>\n\t\t<\/div>\n\t\t\t\t<\/div>\n\t\t\t\t<\/div>\n\t\t\t\t<div class=\"elementor-element elementor-element-9cba756 elementor-widget elementor-widget-heading\" data-id=\"9cba756\" data-element_type=\"widget\" data-widget_type=\"heading.default\">\n\t\t\t\t<div class=\"elementor-widget-container\">\n\t\t\t<h3 class=\"elementor-heading-title elementor-size-default\">Actualmente la Direcci\u00f3n Nacional de Investigaci\u00f3n e Inteligencia (DNII), es la responsable de desarrollar actividades de investigaci\u00f3n e inteligencia estrat\u00e9gica y criminal, teniendo bajo su responsabilidad la certificaci\u00f3n de idoneidad de funcionarios p\u00fablicos, la direcci\u00f3n de la seguridad aeroportuaria, el monitoreo del comportamiento del fen\u00f3meno de drogas y el an\u00e1lisis de la informaci\u00f3n que producen las instituciones que integran el CNDS.<\/h3>\t\t<\/div>\n\t\t\t\t<\/div>\n\t\t\t\t<div class=\"elementor-element elementor-element-178809a elementor-widget elementor-widget-heading\" data-id=\"178809a\" data-element_type=\"widget\" data-widget_type=\"heading.default\">\n\t\t\t\t<div class=\"elementor-widget-container\">\n\t\t\t<h3 class=\"elementor-heading-title elementor-size-default\">Recursos<\/h3>\t\t<\/div>\n\t\t\t\t<\/div>\n\t\t\t\t\t<\/div>\n\t\t<\/div>\n\t\t\t\t\t\t\t<\/div>\n\t\t<\/section>\n\t\t\t\t<section class=\"elementor-section elementor-top-section elementor-element elementor-element-8266973 elementor-section-boxed elementor-section-height-default elementor-section-height-default\" data-id=\"8266973\" data-element_type=\"section\">\n\t\t\t\t\t\t<div class=\"elementor-container elementor-column-gap-default\">\n\t\t\t\t\t<div class=\"elementor-column elementor-col-100 elementor-top-column elementor-element elementor-element-613506d\" data-id=\"613506d\" data-element_type=\"column\">\n\t\t\t<div class=\"elementor-widget-wrap elementor-element-populated\">\n\t\t\t\t\t\t\t\t<div class=\"elementor-element elementor-element-f5dae30 elementor-view-recursos elementor-widget elementor-widget-ova_menu\" data-id=\"f5dae30\" data-element_type=\"widget\" data-widget_type=\"ova_menu.default\">\n\t\t\t\t<div class=\"elementor-widget-container\">\n\t\t\t\t\t<div class=\"ova_menu_clasic\">\n\t\t\t<div class=\"ova_wrap_nav column NavBtn_left NavBtn_left\">\n\n\t\t\t\t\t<button class=\"ova_openNav\" aria-label=\"Menu Mobile\">\n\t\t\t\t\t\t<i class=\"fas fa-bars\"><\/i>\n\t\t\t\t\t<\/button>\n\n\t\t\t\t\t<div class=\"ova_nav canvas_left canvas_bg_gray\">\n\t\t\t\t\t\t<a href=\"javascript:void(0)\" class=\"ova_closeNav\"><i class=\"fas fa-times\"><\/i><\/a>\n\t\t\t\t\t\t<ul id=\"menu-recursos\" class=\"menu sub_menu_dir_left\"><li id=\"menu-item-7248\" class=\"menu-item menu-item-type-custom menu-item-object-custom menu-item-7248\"><a href=\"https:\/\/dnii.gob.hn\/\/wp-content\/uploads\/2020\/07\/Ley-Especial-del-Consejo-Nacional-de-Defensa-y-Seguridad-29mb.pdf\">Ley Especial del Consejo Nacional de Defensa y Seguridad<\/a><\/li>\n<li id=\"menu-item-7563\" class=\"menu-item menu-item-type-custom menu-item-object-custom menu-item-7563\"><a href=\"https:\/\/dnii.gob.hn\/\/wp-content\/uploads\/2020\/07\/Ley_de_inteligencia_nacional_2013.pdf\">Ley de inteligencia nacional<\/a><\/li>\n<li id=\"menu-item-7251\" class=\"menu-item menu-item-type-custom menu-item-object-custom menu-item-7251\"><a href=\"https:\/\/dnii.gob.hn\/\/wp-content\/uploads\/2020\/07\/II-etapa-del-plan-nacional-de-seguridad-Solucion-Contra-el-Crimen-SCC.pdf\">II etapa del plan nacional de seguridad \u201cSoluci\u00f3n Contra el Crimen\u201d (SCC)<\/a><\/li>\n<\/ul>\t\t\t\t\t<\/div>\n\n\t\t\t\t<div class=\"ova_closeCanvas ova_closeNav\"><\/div>\n\t\t\t<\/div>\n\t\t<\/div>\n\t\n\t\t\n\n\t\t\t<\/div>\n\t\t\t\t<\/div>\n\t\t\t\t\t<\/div>\n\t\t<\/div>\n\t\t\t\t\t\t\t<\/div>\n\t\t<\/section>\n\t\t\t\t\t\t\t<\/div>\n\t\t","protected":false},"excerpt":{"rendered":"<p>El Consejo es el m\u00e1ximo \u00f3rgano permanente, encargado de rectorar, dise\u00f1ar y supervisar las pol\u00edticas generales en materia de Seguridad, Defensa Nacional e Inteligencia. El Consejo Nacional de Defensa y Seguridad, creado al tenor del Art\u00edculo 287 de la Constituci\u00f3n de la Rep\u00fablica, estar\u00e1 integrado por:\u00a0 El Presidente de la Rep\u00fablica, quien lo presidir\u00e1; El [&hellip;]<\/p>\n","protected":false},"author":2,"featured_media":0,"parent":0,"menu_order":0,"comment_status":"closed","ping_status":"closed","template":"","meta":{"footnotes":""},"_links":{"self":[{"href":"https:\/\/dnii.gob.hn\/index.php?rest_route=\/wp\/v2\/pages\/7207"}],"collection":[{"href":"https:\/\/dnii.gob.hn\/index.php?rest_route=\/wp\/v2\/pages"}],"about":[{"href":"https:\/\/dnii.gob.hn\/index.php?rest_route=\/wp\/v2\/types\/page"}],"author":[{"embeddable":true,"href":"https:\/\/dnii.gob.hn\/index.php?rest_route=\/wp\/v2\/users\/2"}],"replies":[{"embeddable":true,"href":"https:\/\/dnii.gob.hn\/index.php?rest_route=%2Fwp%2Fv2%2Fcomments&post=7207"}],"version-history":[{"count":60,"href":"https:\/\/dnii.gob.hn\/index.php?rest_route=\/wp\/v2\/pages\/7207\/revisions"}],"predecessor-version":[{"id":7557,"href":"https:\/\/dnii.gob.hn\/index.php?rest_route=\/wp\/v2\/pages\/7207\/revisions\/7557"}],"wp:attachment":[{"href":"https:\/\/dnii.gob.hn\/index.php?rest_route=%2Fwp%2Fv2%2Fmedia&parent=7207"}],"curies":[{"name":"wp","href":"https:\/\/api.w.org\/{rel}","templated":true}]}}