{"id":1206,"date":"2020-08-19T04:14:39","date_gmt":"2020-08-19T02:14:39","guid":{"rendered":"https:\/\/demo.ovatheme.com\/egovt\/?page_id=1206"},"modified":"2023-07-12T22:27:00","modified_gmt":"2023-07-12T20:27:00","slug":"palabras","status":"publish","type":"page","link":"https:\/\/dnii.gob.hn\/?page_id=1206","title":{"rendered":"Mensaje del Director Nacional"},"content":{"rendered":"\t\t<div data-elementor-type=\"wp-page\" data-elementor-id=\"1206\" class=\"elementor elementor-1206\" data-elementor-post-type=\"page\">\n\t\t\t\t\t\t\t\t\t<section class=\"elementor-section elementor-top-section elementor-element elementor-element-118a773 elementor-section-boxed elementor-section-height-default elementor-section-height-default\" data-id=\"118a773\" data-element_type=\"section\">\n\t\t\t\t\t\t<div class=\"elementor-container elementor-column-gap-default\">\n\t\t\t\t\t<div class=\"elementor-column elementor-col-100 elementor-top-column elementor-element elementor-element-ea3de6f\" data-id=\"ea3de6f\" data-element_type=\"column\">\n\t\t\t<div class=\"elementor-widget-wrap\">\n\t\t\t\t\t\t\t\t\t<\/div>\n\t\t<\/div>\n\t\t\t\t\t\t\t<\/div>\n\t\t<\/section>\n\t\t\t\t<section class=\"elementor-section elementor-top-section elementor-element elementor-element-197f5b3 elementor-section-boxed elementor-section-height-default elementor-section-height-default\" data-id=\"197f5b3\" data-element_type=\"section\">\n\t\t\t\t\t\t<div class=\"elementor-container elementor-column-gap-default\">\n\t\t\t\t\t<div class=\"elementor-column elementor-col-33 elementor-top-column elementor-element elementor-element-b8e7581\" data-id=\"b8e7581\" data-element_type=\"column\">\n\t\t\t<div class=\"elementor-widget-wrap elementor-element-populated\">\n\t\t\t\t\t\t\t\t<div class=\"elementor-element elementor-element-56ac0ba elementor-widget elementor-widget-image\" data-id=\"56ac0ba\" data-element_type=\"widget\" data-widget_type=\"image.default\">\n\t\t\t\t<div class=\"elementor-widget-container\">\n\t\t\t<style>\/*! elementor - v3.14.0 - 26-06-2023 *\/\n.elementor-widget-image{text-align:center}.elementor-widget-image a{display:inline-block}.elementor-widget-image a img[src$=\".svg\"]{width:48px}.elementor-widget-image img{vertical-align:middle;display:inline-block}<\/style>\t\t\t\t\t\t\t\t\t\t\t\t<img loading=\"lazy\" decoding=\"async\" width=\"844\" height=\"540\" src=\"https:\/\/dnii.gob.hn\/wp-content\/uploads\/2023\/07\/badnes-ondeando.jpg\" class=\"attachment-large size-large wp-image-7500\" alt=\"\" \/>\t\t\t\t\t\t\t\t\t\t\t\t\t\t\t<\/div>\n\t\t\t\t<\/div>\n\t\t\t\t<div class=\"elementor-element elementor-element-84c70d3 elementor-widget elementor-widget-image\" data-id=\"84c70d3\" data-element_type=\"widget\" data-widget_type=\"image.default\">\n\t\t\t\t<div class=\"elementor-widget-container\">\n\t\t\t\t\t\t\t\t\t\t\t\t\t\t\t<img loading=\"lazy\" decoding=\"async\" width=\"560\" height=\"547\" src=\"https:\/\/dnii.gob.hn\/wp-content\/uploads\/2023\/03\/logo-hd.png\" class=\"attachment-egovt_blog_thumb size-egovt_blog_thumb wp-image-6328\" alt=\"\" \/>\t\t\t\t\t\t\t\t\t\t\t\t\t\t\t<\/div>\n\t\t\t\t<\/div>\n\t\t\t\t\t<\/div>\n\t\t<\/div>\n\t\t\t\t<div class=\"elementor-column elementor-col-66 elementor-top-column elementor-element elementor-element-5038ddc\" data-id=\"5038ddc\" data-element_type=\"column\">\n\t\t\t<div class=\"elementor-widget-wrap elementor-element-populated\">\n\t\t\t\t\t\t\t\t<div class=\"elementor-element elementor-element-0b3028a elementor-widget elementor-widget-text-editor\" data-id=\"0b3028a\" data-element_type=\"widget\" data-widget_type=\"text-editor.default\">\n\t\t\t\t<div class=\"elementor-widget-container\">\n\t\t\t<style>\/*! elementor - v3.14.0 - 26-06-2023 *\/\n.elementor-widget-text-editor.elementor-drop-cap-view-stacked .elementor-drop-cap{background-color:#69727d;color:#fff}.elementor-widget-text-editor.elementor-drop-cap-view-framed .elementor-drop-cap{color:#69727d;border:3px solid;background-color:transparent}.elementor-widget-text-editor:not(.elementor-drop-cap-view-default) .elementor-drop-cap{margin-top:8px}.elementor-widget-text-editor:not(.elementor-drop-cap-view-default) .elementor-drop-cap-letter{width:1em;height:1em}.elementor-widget-text-editor .elementor-drop-cap{float:left;text-align:center;line-height:1;font-size:50px}.elementor-widget-text-editor .elementor-drop-cap-letter{display:inline-block}<\/style>\t\t\t\t<p>La primera l\u00ednea para la protecci\u00f3n de un Estado es su servicio de inteligencia, nuestra profesi\u00f3n, es ancestral y bendita, tal como se demuestra en las sagradas escrituras de la biblia, donde Yahv\u00e9 habl\u00f3 a Mois\u00e9s para que, enviase a sus hombres y explorasen tierras desconocidas en pro del bienestar del pueblo de Israel.<\/p><p>Hoy, honramos ese legado siendo la instituci\u00f3n que se enfrenta a lo desconocido para salvaguardar al pueblo hondure\u00f1o de todo mal, somos responsables de la ejecuci\u00f3n de las pol\u00edticas p\u00fablicas emanadas del Consejo Nacional de Defensa y Seguridad (CNDS), enfocadas en la protecci\u00f3n de los derechos de los ciudadanos y ciudadanas, desde diversos frentes, tanto p\u00fablicos como secretos, luchamos d\u00eda a d\u00eda por construir las condiciones esenciales de prosperidad que merecemos.\u00a0<\/p><p>Cumplimos con nuestra misi\u00f3n desde diversos frentes, como la seguridad aeroportuaria, as\u00ed como, apoyo a los procesos investigativos con nuestras capacidades tecnol\u00f3gicas y produciendo inteligencia estrat\u00e9gica para la toma de decisiones; servimos a nuestro pueblo del cual venimos y al cual nos debemos.<\/p><p>A todos los ciudadanos les manifestamos que, su seguridad es nuestra m\u00e1s grande motivaci\u00f3n y que, el bien com\u00fan de la sociedad nos impulsa a trabajar arduamente para alcanzar los niveles de bienestar y desarrollo que tanto ansiamos.<\/p><p style=\"text-align: right;\"><strong>Comisionado de Polic\u00eda<\/strong><br \/><strong>Ra\u00fal Mej\u00eda Erazo<\/strong><\/p>\t\t\t\t\t\t<\/div>\n\t\t\t\t<\/div>\n\t\t\t\t\t<\/div>\n\t\t<\/div>\n\t\t\t\t\t\t\t<\/div>\n\t\t<\/section>\n\t\t\t\t<section class=\"elementor-section elementor-top-section elementor-element elementor-element-22a3751 elementor-section-boxed elementor-section-height-default elementor-section-height-default\" data-id=\"22a3751\" data-element_type=\"section\">\n\t\t\t\t\t\t<div class=\"elementor-container elementor-column-gap-default\">\n\t\t\t\t\t<div class=\"elementor-column elementor-col-100 elementor-top-column elementor-element elementor-element-ecc2898\" data-id=\"ecc2898\" data-element_type=\"column\">\n\t\t\t<div class=\"elementor-widget-wrap\">\n\t\t\t\t\t\t\t\t\t<\/div>\n\t\t<\/div>\n\t\t\t\t\t\t\t<\/div>\n\t\t<\/section>\n\t\t\t\t\t\t\t<\/div>\n\t\t","protected":false},"excerpt":{"rendered":"<p>La primera l\u00ednea para la protecci\u00f3n de un Estado es su servicio de inteligencia, nuestra profesi\u00f3n, es ancestral y bendita, tal como se demuestra en las sagradas escrituras de la biblia, donde Yahv\u00e9 habl\u00f3 a Mois\u00e9s para que, enviase a sus hombres y explorasen tierras desconocidas en pro del bienestar del pueblo de Israel. Hoy, [&hellip;]<\/p>\n","protected":false},"author":2,"featured_media":1208,"parent":0,"menu_order":0,"comment_status":"closed","ping_status":"closed","template":"","meta":{"footnotes":""},"_links":{"self":[{"href":"https:\/\/dnii.gob.hn\/index.php?rest_route=\/wp\/v2\/pages\/1206"}],"collection":[{"href":"https:\/\/dnii.gob.hn\/index.php?rest_route=\/wp\/v2\/pages"}],"about":[{"href":"https:\/\/dnii.gob.hn\/index.php?rest_route=\/wp\/v2\/types\/page"}],"author":[{"embeddable":true,"href":"https:\/\/dnii.gob.hn\/index.php?rest_route=\/wp\/v2\/users\/2"}],"replies":[{"embeddable":true,"href":"https:\/\/dnii.gob.hn\/index.php?rest_route=%2Fwp%2Fv2%2Fcomments&post=1206"}],"version-history":[{"count":37,"href":"https:\/\/dnii.gob.hn\/index.php?rest_route=\/wp\/v2\/pages\/1206\/revisions"}],"predecessor-version":[{"id":7528,"href":"https:\/\/dnii.gob.hn\/index.php?rest_route=\/wp\/v2\/pages\/1206\/revisions\/7528"}],"wp:featuredmedia":[{"embeddable":true,"href":"https:\/\/dnii.gob.hn\/index.php?rest_route=\/wp\/v2\/media\/1208"}],"wp:attachment":[{"href":"https:\/\/dnii.gob.hn\/index.php?rest_route=%2Fwp%2Fv2%2Fmedia&parent=1206"}],"curies":[{"name":"wp","href":"https:\/\/api.w.org\/{rel}","templated":true}]}}